{"id":3110,"date":"2025-12-25T17:45:53","date_gmt":"2025-12-25T09:45:53","guid":{"rendered":"http:\/\/shenghongjiawpc.com\/?post_type=product&#038;p=3110"},"modified":"2025-12-25T17:45:53","modified_gmt":"2025-12-25T09:45:53","slug":"flexible-stone","status":"publish","type":"product","link":"https:\/\/shenghongjiawpc.com\/es\/product\/flexible-stone\/","title":{"rendered":"Piedra flexible"},"content":{"rendered":"","protected":false},"excerpt":{"rendered":"<div class=\"elementor-element elementor-element-f9a21f3 e-con-full e-flex e-con e-child\" data-id=\"f9a21f3\" data-element_type=\"container\" data-settings=\"{&quot;background_background&quot;:&quot;classic&quot;,&quot;ekit_has_onepagescroll_dot&quot;:&quot;yes&quot;}\">\n<div class=\"elementor-element elementor-element-8fdb7eb elementor-widget elementor-widget-heading\" data-id=\"8fdb7eb\" data-element_type=\"widget\" data-settings=\"{&quot;ekit_we_effect_on&quot;:&quot;none&quot;}\" data-widget_type=\"heading.default\">\n<div class=\"elementor-widget-container\"><\/div>\n<\/div>\n<div class=\"elementor-element elementor-element-2645b7c elementor-widget elementor-widget-heading\" data-id=\"2645b7c\" data-element_type=\"widget\" data-settings=\"{&quot;ekit_we_effect_on&quot;:&quot;none&quot;}\" data-widget_type=\"heading.default\">\n<div class=\"elementor-widget-container\">\n<p class=\"elementor-heading-title elementor-size-default\">MATERIAL -Material respetuoso con el medio ambiente -QC PASS<\/p>\n<\/div>\n<\/div>\n<\/div>\n<div class=\"elementor-element elementor-element-4dbc0a1 elementor-widget elementor-widget-woocommerce-product-short-description\" data-id=\"4dbc0a1\" data-element_type=\"widget\" data-settings=\"{&quot;ekit_we_effect_on&quot;:&quot;none&quot;}\" data-widget_type=\"woocommerce-product-short-description.default\">\n<div class=\"elementor-widget-container\">\n<div class=\"woocommerce-product-details__short-description\">\n<h3><strong>Composici\u00f3n del material:<\/strong><\/h3>\n<p>Flexible Stone es un innovador material decorativo compuesto principalmente por polvos minerales naturales, mezclados con compuestos polim\u00e9ricos modificados y cargas inorg\u00e1nicas. Su composici\u00f3n cient\u00edficamente formulada combina la textura aut\u00e9ntica de la piedra natural con propiedades f\u00edsicas ligeras y flexibles.<\/p>\n<\/div>\n<\/div>\n<\/div>","protected":false},"featured_media":3111,"template":"","meta":[],"product_cat":[62],"product_tag":[],"class_list":["post-3110","product","type-product","status-publish","has-post-thumbnail","hentry","product_cat-flexible-stone"],"_links":{"self":[{"href":"https:\/\/shenghongjiawpc.com\/es\/wp-json\/wp\/v2\/product\/3110","targetHints":{"allow":["GET"]}}],"collection":[{"href":"https:\/\/shenghongjiawpc.com\/es\/wp-json\/wp\/v2\/product"}],"about":[{"href":"https:\/\/shenghongjiawpc.com\/es\/wp-json\/wp\/v2\/types\/product"}],"version-history":[{"count":0,"href":"https:\/\/shenghongjiawpc.com\/es\/wp-json\/wp\/v2\/product\/3110\/revisions"}],"wp:featuredmedia":[{"embeddable":true,"href":"https:\/\/shenghongjiawpc.com\/es\/wp-json\/wp\/v2\/media\/3111"}],"wp:attachment":[{"href":"https:\/\/shenghongjiawpc.com\/es\/wp-json\/wp\/v2\/media?parent=3110"}],"wp:term":[{"taxonomy":"product_cat","embeddable":true,"href":"https:\/\/shenghongjiawpc.com\/es\/wp-json\/wp\/v2\/product_cat?post=3110"},{"taxonomy":"product_tag","embeddable":true,"href":"https:\/\/shenghongjiawpc.com\/es\/wp-json\/wp\/v2\/product_tag?post=3110"}],"curies":[{"name":"wp","href":"https:\/\/api.w.org\/{rel}","templated":true}]}}